{"id":2,"date":"2014-04-28T09:29:13","date_gmt":"2014-04-28T09:29:13","guid":{"rendered":"http:\/\/www.erikdelos.fr\/blog\/?page_id=2"},"modified":"2021-10-13T20:09:14","modified_gmt":"2021-10-13T19:09:14","slug":"page-d-exemple","status":"publish","type":"page","link":"http:\/\/www.erikdelos.fr\/blog\/","title":{"rendered":"Accueil"},"content":{"rendered":"<p style=\"text-align: left;\"><strong>Bienvenue sur mon site d\u00e9di\u00e9 \u00e0 la Technologie au coll\u00e8ge<\/strong><br \/>Ce site est avant tout propos\u00e9 pour aider mes \u00e9l\u00e8ves dans l&rsquo;acquisition de leurs comp\u00e9tences et de leurs connaissances. C&rsquo;est \u00e9galement un prolongement de ce qui est fait en classe pour permettre aux \u00e9l\u00e8ves qui veulent aller plus loin d&rsquo;assouvir leur curiosit\u00e9.<br \/>Car ici la curiosit\u00e9 n&rsquo;est pas un d\u00e9faut, mais une grande qualit\u00e9 ! \u00catre curieux c&rsquo;est un besoin d&rsquo;apprendre, de d\u00e9couvrir, mais aussi de comprendre. Ce qui est un bon r\u00e9sum\u00e9 du cours de Technologie au coll\u00e8ge.<br \/>Je vais vous proposer des activit\u00e9s faites en classe, des tutoriels vid\u00e9os, de l&rsquo;actualit\u00e9 &#8211; une veille technologique, des liens, de l&rsquo;arduino, du mBot&#8230; et encore beaucoup d&rsquo;autres choses.<br \/>Ce site regroupera \u00e9galement tous les sites que j&rsquo;ai d\u00e9j\u00e0 pu faire auparavant.<\/p>\n<p>Bonne visite et bonne utilisation !<\/p>\n<p style=\"text-align: right;\"><strong><em>M. Delos<\/em><\/strong><\/p>\n\n\n<div class=\"wp-block-image\"><figure class=\"aligncenter is-resized\"><img decoding=\"async\" data-src=\"http:\/\/www.erikdelos.fr\/blog\/wp-content\/uploads\/2020\/08\/logoclg-905x1024.png\" alt=\"\" class=\"wp-image-591 lazyload\" width=\"173\" height=\"196\" data-srcset=\"http:\/\/www.erikdelos.fr\/blog\/wp-content\/uploads\/2020\/08\/logoclg-905x1024.png 905w, http:\/\/www.erikdelos.fr\/blog\/wp-content\/uploads\/2020\/08\/logoclg-265x300.png 265w, http:\/\/www.erikdelos.fr\/blog\/wp-content\/uploads\/2020\/08\/logoclg-768x869.png 768w, http:\/\/www.erikdelos.fr\/blog\/wp-content\/uploads\/2020\/08\/logoclg.png 1136w\" data-sizes=\"(max-width: 173px) 100vw, 173px\" src=\"data:image\/svg+xml;base64,PHN2ZyB3aWR0aD0iMSIgaGVpZ2h0PSIxIiB4bWxucz0iaHR0cDovL3d3dy53My5vcmcvMjAwMC9zdmciPjwvc3ZnPg==\" style=\"--smush-placeholder-width: 173px; --smush-placeholder-aspect-ratio: 173\/196;\" \/><\/figure><\/div>\n\n\n\n<p><\/p>\n","protected":false},"excerpt":{"rendered":"<p>Bienvenue sur mon site d\u00e9di\u00e9 \u00e0 la Technologie au coll\u00e8geCe site est avant tout propos\u00e9 pour aider mes \u00e9l\u00e8ves dans l&rsquo;acquisition de leurs comp\u00e9tences et de leurs connaissances. C&rsquo;est \u00e9galement un prolongement de ce qui est fait en classe pour &hellip; <a href=\"http:\/\/www.erikdelos.fr\/blog\/\">Continuer la lecture <span class=\"meta-nav\">&rarr;<\/span><\/a><\/p>\n","protected":false},"author":1,"featured_media":591,"parent":0,"menu_order":0,"comment_status":"closed","ping_status":"open","template":"","meta":{"_bbp_topic_count":0,"_bbp_reply_count":0,"_bbp_total_topic_count":0,"_bbp_total_reply_count":0,"_bbp_voice_count":0,"_bbp_anonymous_reply_count":0,"_bbp_topic_count_hidden":0,"_bbp_reply_count_hidden":0,"_bbp_forum_subforum_count":0,"footnotes":""},"class_list":["post-2","page","type-page","status-publish","has-post-thumbnail","hentry"],"_links":{"self":[{"href":"http:\/\/www.erikdelos.fr\/blog\/index.php?rest_route=\/wp\/v2\/pages\/2","targetHints":{"allow":["GET"]}}],"collection":[{"href":"http:\/\/www.erikdelos.fr\/blog\/index.php?rest_route=\/wp\/v2\/pages"}],"about":[{"href":"http:\/\/www.erikdelos.fr\/blog\/index.php?rest_route=\/wp\/v2\/types\/page"}],"author":[{"embeddable":true,"href":"http:\/\/www.erikdelos.fr\/blog\/index.php?rest_route=\/wp\/v2\/users\/1"}],"replies":[{"embeddable":true,"href":"http:\/\/www.erikdelos.fr\/blog\/index.php?rest_route=%2Fwp%2Fv2%2Fcomments&post=2"}],"version-history":[{"count":11,"href":"http:\/\/www.erikdelos.fr\/blog\/index.php?rest_route=\/wp\/v2\/pages\/2\/revisions"}],"predecessor-version":[{"id":618,"href":"http:\/\/www.erikdelos.fr\/blog\/index.php?rest_route=\/wp\/v2\/pages\/2\/revisions\/618"}],"wp:featuredmedia":[{"embeddable":true,"href":"http:\/\/www.erikdelos.fr\/blog\/index.php?rest_route=\/wp\/v2\/media\/591"}],"wp:attachment":[{"href":"http:\/\/www.erikdelos.fr\/blog\/index.php?rest_route=%2Fwp%2Fv2%2Fmedia&parent=2"}],"curies":[{"name":"wp","href":"https:\/\/api.w.org\/{rel}","templated":true}]}}