{"id":394,"date":"2014-05-11T08:41:05","date_gmt":"2014-05-11T07:41:05","guid":{"rendered":"http:\/\/www.erikdelos.fr\/blog\/?page_id=394"},"modified":"2014-05-11T17:32:14","modified_gmt":"2014-05-11T16:32:14","slug":"ours-et-le-philarmomiel","status":"publish","type":"page","link":"http:\/\/www.erikdelos.fr\/blog\/?page_id=394","title":{"rendered":"Ours et le Philarmomiel"},"content":{"rendered":"<p><strong>Ours<\/strong> et l&rsquo;\u00e9cole de musique de Solesmes se sont lanc\u00e9s dans un tr\u00e8s beau projet, revisiter quelques titres d&rsquo;<strong>Ours<\/strong> avec un ensemble philharmonique. Mais pas n&rsquo;importe quel ensemble&#8230; celui-ci sera compos\u00e9 d&rsquo;\u00e9l\u00e8ve de premier cycle. Une belle aventure en perspective. Mais que peux bien donner cette r\u00e9union atypique ? Au moment o\u00f9 j&rsquo;\u00e9cris ces lignes, je connais la r\u00e9ponse. Je vous la donne : c&rsquo;\u00e9tait exceptionnel !<br \/>\nEt pourquoi ? D&rsquo;abord, il y a l&rsquo;id\u00e9e de base, qui est excellente. Ensuite il y a les textes et les m\u00e9lodies, qui se pr\u00eatent parfaitement \u00e0 ce genre d&rsquo;exercice p\u00e9rilleux. Les textes sont plein de douceurs, et les m\u00e9lodies sont intemporels. Il y a \u00e9galement <strong>Ours<\/strong>, un grand personnage, plein de tendresse, d&rsquo;humour, d&rsquo;intelligence&#8230; bref, un grand Monsieur. Et il y a aussi ses deux acolytes, comme aime les pr\u00e9senter Gr\u00e9goire, et c&rsquo;est bien vu. Ce sont en effet des compagnons, des complices, des comp\u00e8res. Ces deux musiciens, extr\u00eamement sympathiques et talentueux, ne sont autre que <strong>Lieutenant Nicholson<\/strong> et <strong>DjeuhDjoah<\/strong>. Quel plaisir de les voir jouer, \u00e9voluer ensemble. Et n&rsquo;oublions surtout pas <strong>Stephan Ciesielski<\/strong> qui est \u00e0 la base du projet, c&rsquo;est le Directeur du Conservatoire de Solesmes. C&rsquo;est \u00e9galement un sacr\u00e9 personnage, dynamique et un amoureux de son travail.<br \/>\nGr\u00e9goire a eu la grande chance de participer \u00e0 cette exp\u00e9rience, il a encore le yeux qui p\u00e9tillent une semaine apr\u00e8s le concert. Il fredonne avec son fr\u00e8re \u00e0 longueur de journ\u00e9e les chansons d&rsquo;Ours.<\/p>\n<p><a href=\"http:\/\/www.lesdelos.fr\/philarmomiel\">Les r\u00e9p\u00e9titions<\/a><\/p>\n<p>\u00e0 venir les concerts du 3 mai et du 4 mai 2014.<\/p>\n<p>&nbsp;<\/p>\n","protected":false},"excerpt":{"rendered":"<p>Ours et l&rsquo;\u00e9cole de musique de Solesmes se sont lanc\u00e9s dans un tr\u00e8s beau projet, revisiter quelques titres d&rsquo;Ours avec un ensemble philharmonique. Mais pas n&rsquo;importe quel ensemble&#8230; celui-ci sera compos\u00e9 d&rsquo;\u00e9l\u00e8ve de premier cycle. Une belle aventure en perspective. &hellip; <a href=\"http:\/\/www.erikdelos.fr\/blog\/?page_id=394\">Continuer la lecture <span class=\"meta-nav\">&rarr;<\/span><\/a><\/p>\n","protected":false},"author":1,"featured_media":0,"parent":350,"menu_order":0,"comment_status":"open","ping_status":"open","template":"","meta":{"_bbp_topic_count":0,"_bbp_reply_count":0,"_bbp_total_topic_count":0,"_bbp_total_reply_count":0,"_bbp_voice_count":0,"_bbp_anonymous_reply_count":0,"_bbp_topic_count_hidden":0,"_bbp_reply_count_hidden":0,"_bbp_forum_subforum_count":0,"footnotes":""},"class_list":["post-394","page","type-page","status-publish","hentry"],"_links":{"self":[{"href":"http:\/\/www.erikdelos.fr\/blog\/index.php?rest_route=\/wp\/v2\/pages\/394","targetHints":{"allow":["GET"]}}],"collection":[{"href":"http:\/\/www.erikdelos.fr\/blog\/index.php?rest_route=\/wp\/v2\/pages"}],"about":[{"href":"http:\/\/www.erikdelos.fr\/blog\/index.php?rest_route=\/wp\/v2\/types\/page"}],"author":[{"embeddable":true,"href":"http:\/\/www.erikdelos.fr\/blog\/index.php?rest_route=\/wp\/v2\/users\/1"}],"replies":[{"embeddable":true,"href":"http:\/\/www.erikdelos.fr\/blog\/index.php?rest_route=%2Fwp%2Fv2%2Fcomments&post=394"}],"version-history":[{"count":6,"href":"http:\/\/www.erikdelos.fr\/blog\/index.php?rest_route=\/wp\/v2\/pages\/394\/revisions"}],"predecessor-version":[{"id":400,"href":"http:\/\/www.erikdelos.fr\/blog\/index.php?rest_route=\/wp\/v2\/pages\/394\/revisions\/400"}],"up":[{"embeddable":true,"href":"http:\/\/www.erikdelos.fr\/blog\/index.php?rest_route=\/wp\/v2\/pages\/350"}],"wp:attachment":[{"href":"http:\/\/www.erikdelos.fr\/blog\/index.php?rest_route=%2Fwp%2Fv2%2Fmedia&parent=394"}],"curies":[{"name":"wp","href":"https:\/\/api.w.org\/{rel}","templated":true}]}}