{"id":516,"date":"2020-08-10T10:48:36","date_gmt":"2020-08-10T09:48:36","guid":{"rendered":"http:\/\/www.erikdelos.fr\/blog\/?page_id=516"},"modified":"2020-08-12T08:40:09","modified_gmt":"2020-08-12T07:40:09","slug":"troisieme","status":"publish","type":"page","link":"http:\/\/www.erikdelos.fr\/blog\/?page_id=516","title":{"rendered":"Troisi\u00e8me"},"content":{"rendered":"\n<p class=\"has-background has-white-background-color\">Page d\u00e9di\u00e9e au niveau troisi\u00e8me<\/p>\n\n\n\n<p class=\"has-background has-white-background-color\"><a href=\"http:\/\/www.erikdelos.fr\/blog\/?page_id=568\" target=\"_blank\" rel=\"noreferrer noopener\" aria-label=\"Course en cours (opens in a new tab)\">Course en cours<\/a><\/p>\n","protected":false},"excerpt":{"rendered":"<p>Page d\u00e9di\u00e9e au niveau troisi\u00e8me Course en cours<\/p>\n","protected":false},"author":1,"featured_media":0,"parent":519,"menu_order":0,"comment_status":"closed","ping_status":"closed","template":"","meta":{"_bbp_topic_count":0,"_bbp_reply_count":0,"_bbp_total_topic_count":0,"_bbp_total_reply_count":0,"_bbp_voice_count":0,"_bbp_anonymous_reply_count":0,"_bbp_topic_count_hidden":0,"_bbp_reply_count_hidden":0,"_bbp_forum_subforum_count":0,"footnotes":""},"class_list":["post-516","page","type-page","status-publish","hentry"],"_links":{"self":[{"href":"http:\/\/www.erikdelos.fr\/blog\/index.php?rest_route=\/wp\/v2\/pages\/516","targetHints":{"allow":["GET"]}}],"collection":[{"href":"http:\/\/www.erikdelos.fr\/blog\/index.php?rest_route=\/wp\/v2\/pages"}],"about":[{"href":"http:\/\/www.erikdelos.fr\/blog\/index.php?rest_route=\/wp\/v2\/types\/page"}],"author":[{"embeddable":true,"href":"http:\/\/www.erikdelos.fr\/blog\/index.php?rest_route=\/wp\/v2\/users\/1"}],"replies":[{"embeddable":true,"href":"http:\/\/www.erikdelos.fr\/blog\/index.php?rest_route=%2Fwp%2Fv2%2Fcomments&post=516"}],"version-history":[{"count":5,"href":"http:\/\/www.erikdelos.fr\/blog\/index.php?rest_route=\/wp\/v2\/pages\/516\/revisions"}],"predecessor-version":[{"id":630,"href":"http:\/\/www.erikdelos.fr\/blog\/index.php?rest_route=\/wp\/v2\/pages\/516\/revisions\/630"}],"up":[{"embeddable":true,"href":"http:\/\/www.erikdelos.fr\/blog\/index.php?rest_route=\/wp\/v2\/pages\/519"}],"wp:attachment":[{"href":"http:\/\/www.erikdelos.fr\/blog\/index.php?rest_route=%2Fwp%2Fv2%2Fmedia&parent=516"}],"curies":[{"name":"wp","href":"https:\/\/api.w.org\/{rel}","templated":true}]}}