{"id":524,"date":"2020-08-11T15:48:55","date_gmt":"2020-08-11T14:48:55","guid":{"rendered":"http:\/\/www.erikdelos.fr\/blog\/?page_id=524"},"modified":"2020-08-11T15:56:23","modified_gmt":"2020-08-11T14:56:23","slug":"quatrieme","status":"publish","type":"page","link":"http:\/\/www.erikdelos.fr\/blog\/?page_id=524","title":{"rendered":"Quatri\u00e8me"},"content":{"rendered":"\n<p>Section du site r\u00e9serv\u00e9e aux \u00e9l\u00e8ves de quatri\u00e8me<\/p>\n","protected":false},"excerpt":{"rendered":"<p>Section du site r\u00e9serv\u00e9e aux \u00e9l\u00e8ves de quatri\u00e8me<\/p>\n","protected":false},"author":1,"featured_media":0,"parent":519,"menu_order":1,"comment_status":"closed","ping_status":"closed","template":"","meta":{"_bbp_topic_count":0,"_bbp_reply_count":0,"_bbp_total_topic_count":0,"_bbp_total_reply_count":0,"_bbp_voice_count":0,"_bbp_anonymous_reply_count":0,"_bbp_topic_count_hidden":0,"_bbp_reply_count_hidden":0,"_bbp_forum_subforum_count":0,"footnotes":""},"class_list":["post-524","page","type-page","status-publish","hentry"],"_links":{"self":[{"href":"http:\/\/www.erikdelos.fr\/blog\/index.php?rest_route=\/wp\/v2\/pages\/524","targetHints":{"allow":["GET"]}}],"collection":[{"href":"http:\/\/www.erikdelos.fr\/blog\/index.php?rest_route=\/wp\/v2\/pages"}],"about":[{"href":"http:\/\/www.erikdelos.fr\/blog\/index.php?rest_route=\/wp\/v2\/types\/page"}],"author":[{"embeddable":true,"href":"http:\/\/www.erikdelos.fr\/blog\/index.php?rest_route=\/wp\/v2\/users\/1"}],"replies":[{"embeddable":true,"href":"http:\/\/www.erikdelos.fr\/blog\/index.php?rest_route=%2Fwp%2Fv2%2Fcomments&post=524"}],"version-history":[{"count":3,"href":"http:\/\/www.erikdelos.fr\/blog\/index.php?rest_route=\/wp\/v2\/pages\/524\/revisions"}],"predecessor-version":[{"id":530,"href":"http:\/\/www.erikdelos.fr\/blog\/index.php?rest_route=\/wp\/v2\/pages\/524\/revisions\/530"}],"up":[{"embeddable":true,"href":"http:\/\/www.erikdelos.fr\/blog\/index.php?rest_route=\/wp\/v2\/pages\/519"}],"wp:attachment":[{"href":"http:\/\/www.erikdelos.fr\/blog\/index.php?rest_route=%2Fwp%2Fv2%2Fmedia&parent=524"}],"curies":[{"name":"wp","href":"https:\/\/api.w.org\/{rel}","templated":true}]}}