{"id":2,"date":"2025-07-05T15:11:45","date_gmt":"2025-07-05T13:11:45","guid":{"rendered":"https:\/\/www.erikdelos.fr\/forum\/?page_id=2"},"modified":"2025-08-01T20:15:18","modified_gmt":"2025-08-01T18:15:18","slug":"page-d-exemple","status":"publish","type":"page","link":"https:\/\/www.erikdelos.fr\/forum\/page-d-exemple\/","title":{"rendered":"Juste une page pour \u2764\ufe0f Toi et Moi \u2764\ufe0f"},"content":{"rendered":"\r\n<p class=\"wp-block-paragraph\">On ne peut pas dire que ce soit l\u00e0 et ce jour l\u00e0 que tout a commenc\u00e9, c&rsquo;\u00e9tait d\u00e9j\u00e0 l\u00e0 autour de NOUS, depuis longtemps&#8230; depuis si longtemps.<br \/>On peut quand m\u00eame dire que depuis ce jour l\u00e0, chaque moment pass\u00e9 ensemble est juste magique. Chacune de mes pens\u00e9es sont dirig\u00e9es vers Toi.<\/p>\r\n<p>Je vous aime mon tendre petit gla\u00e7on \u2764\ufe0f<\/p>\r\n<p>&nbsp;<\/p>\r\n<p>Je t&rsquo;aime aussi \u2764\ufe0f<\/p>\r\n\r\n\r\n\r\n\r\n\r\n<p class=\"wp-block-paragraph\"><img decoding=\"async\" class=\"aligncenter wp-image-61 size-large lazyload\" data-src=\"https:\/\/www.erikdelos.fr\/forum\/wp-content\/uploads\/2025\/07\/upscalemedia-transformed-1-758x1024.jpeg\" alt=\"\" width=\"758\" height=\"1024\" data-srcset=\"https:\/\/www.erikdelos.fr\/forum\/wp-content\/uploads\/2025\/07\/upscalemedia-transformed-1-758x1024.jpeg 758w, https:\/\/www.erikdelos.fr\/forum\/wp-content\/uploads\/2025\/07\/upscalemedia-transformed-1-222x300.jpeg 222w, https:\/\/www.erikdelos.fr\/forum\/wp-content\/uploads\/2025\/07\/upscalemedia-transformed-1-768x1037.jpeg 768w, https:\/\/www.erikdelos.fr\/forum\/wp-content\/uploads\/2025\/07\/upscalemedia-transformed-1-100x135.jpeg 100w, https:\/\/www.erikdelos.fr\/forum\/wp-content\/uploads\/2025\/07\/upscalemedia-transformed-1-1138x1536.jpeg 1138w, https:\/\/www.erikdelos.fr\/forum\/wp-content\/uploads\/2025\/07\/upscalemedia-transformed-1-1517x2048.jpeg 1517w, https:\/\/www.erikdelos.fr\/forum\/wp-content\/uploads\/2025\/07\/upscalemedia-transformed-1.jpeg 1634w\" data-sizes=\"(max-width: 758px) 100vw, 758px\" src=\"data:image\/svg+xml;base64,PHN2ZyB3aWR0aD0iMSIgaGVpZ2h0PSIxIiB4bWxucz0iaHR0cDovL3d3dy53My5vcmcvMjAwMC9zdmciPjwvc3ZnPg==\" style=\"--smush-placeholder-width: 758px; --smush-placeholder-aspect-ratio: 758\/1024;\" \/><\/p>\r\n","protected":false},"excerpt":{"rendered":"<p>On ne peut pas dire que ce soit l\u00e0 et ce jour l\u00e0 que tout a commenc\u00e9, c&rsquo;\u00e9tait d\u00e9j\u00e0 l\u00e0 autour de NOUS, depuis longtemps&#8230; depuis si longtemps.On peut quand m\u00eame dire que depuis ce jour l\u00e0, chaque moment pass\u00e9 ensemble est juste magique. Chacune de mes pens\u00e9es sont dirig\u00e9es vers Toi. Je vous aime [&hellip;]<\/p>\n","protected":false},"author":1,"featured_media":0,"parent":0,"menu_order":0,"comment_status":"closed","ping_status":"closed","template":"","meta":{"_crdt_document":"","footnotes":""},"class_list":["post-2","page","type-page","status-publish","hentry"],"_links":{"self":[{"href":"https:\/\/www.erikdelos.fr\/forum\/wp-json\/wp\/v2\/pages\/2","targetHints":{"allow":["GET"]}}],"collection":[{"href":"https:\/\/www.erikdelos.fr\/forum\/wp-json\/wp\/v2\/pages"}],"about":[{"href":"https:\/\/www.erikdelos.fr\/forum\/wp-json\/wp\/v2\/types\/page"}],"author":[{"embeddable":true,"href":"https:\/\/www.erikdelos.fr\/forum\/wp-json\/wp\/v2\/users\/1"}],"replies":[{"embeddable":true,"href":"https:\/\/www.erikdelos.fr\/forum\/wp-json\/wp\/v2\/comments?post=2"}],"version-history":[{"count":9,"href":"https:\/\/www.erikdelos.fr\/forum\/wp-json\/wp\/v2\/pages\/2\/revisions"}],"predecessor-version":[{"id":8816,"href":"https:\/\/www.erikdelos.fr\/forum\/wp-json\/wp\/v2\/pages\/2\/revisions\/8816"}],"wp:attachment":[{"href":"https:\/\/www.erikdelos.fr\/forum\/wp-json\/wp\/v2\/media?parent=2"}],"curies":[{"name":"wp","href":"https:\/\/api.w.org\/{rel}","templated":true}]}}